{"id":258,"date":"2023-11-06T13:31:33","date_gmt":"2023-11-06T13:31:33","guid":{"rendered":"https:\/\/timvanbreemen.com\/?page_id=258"},"modified":"2025-10-25T12:01:06","modified_gmt":"2025-10-25T12:01:06","slug":"agenda","status":"publish","type":"page","link":"https:\/\/timvanbreemen.com\/?page_id=258","title":{"rendered":"Agenda"},"content":{"rendered":"\t\t<div data-elementor-type=\"wp-page\" data-elementor-id=\"258\" class=\"elementor elementor-258\">\n\t\t\t\t<div class=\"elementor-element elementor-element-855b2a0 e-flex e-con-boxed e-con e-parent\" data-id=\"855b2a0\" data-element_type=\"container\">\n\t\t\t\t\t<div class=\"e-con-inner\">\n\t\t\t\t<div class=\"elementor-element elementor-element-c79209c elementor-widget elementor-widget-text-editor\" data-id=\"c79209c\" data-element_type=\"widget\" data-widget_type=\"text-editor.default\">\n\t\t\t\t<div class=\"elementor-widget-container\">\n\t\t\t\t\t\t\t\t\t<h2><span style=\"color: #000000;\"><b>2025<\/b><\/span><\/h2>\n<h3><span style=\"color: #008080;\"><b>December<\/b><\/span><\/h3>\n<p><b><span lang=\"EN-US\">Oslo kammerkor<\/span><\/b><\/p>\n<ul style=\"margin-top: 0cm;\" type=\"disc\">\n<li><i>For sent \u00e5 tenke seg om\u2026<br \/><\/i>Oslo, (TBD) \u2013 Dec. 3, 2025<\/li>\n<li><i style=\"font-size: 1rem;\"><span style=\"color: #777777;\">Julekonsert<br \/><\/span><\/i>Oslo, Uranienborg kirke\u00a0\u2013 Dec. 7, 2025 &#8211; 18.00 hrs<\/li>\n<\/ul>\n<p><b><br \/>NMH Vokalensemble<\/b><\/p>\n<ul style=\"margin-top: 0cm;\" type=\"disc\">\n<li><i><span lang=\"EN-US\">Mannskorog musikalske mysterier,<\/span><\/i><span lang=\"EN-US\"><br \/>Oslo (TBD) \u2013 Dec. 5, 2025 &#8211; 19.30 hrs<\/span><\/li>\n<\/ul>\n<h3><span style=\"color: #008080;\"><b>November<\/b><\/span><\/h3>\n<p><b><span lang=\"EN-US\">Oslo kammerkor<\/span><\/b><\/p>\n<ul style=\"margin-top: 0cm;\" type=\"disc\">\n<li><i>For sent \u00e5 tenke seg om\u2026<br \/><\/i>Oslo, (TBD) \u2013 Nov. 19 &amp; 26, 2025<\/li>\n<\/ul>\n<p><b><span lang=\"EN-US\"><br \/>NMH Vokalensemble<br \/><\/span><\/b><i><span lang=\"EN-US\">NMH\u00a0<\/span><\/i>Levinsalen<br \/><i><span lang=\"EN-US\">Slemdalsveien 11, 0369 OSLO, Norway<\/span><\/i><\/p>\n<ul>\n<li><i>Jul<br \/><\/i><span style=\"text-indent: -18pt;\">Oslo, NMH\u00a0&#8211; Nov 28, 2025<\/span><\/li>\n<\/ul>\n<h3><span style=\"color: #008080;\"><b>October<\/b><\/span><\/h3>\n<p><b>NMH Vokalensemble<\/b><\/p>\n<ul>\n<li><i>BachMagnificat<br \/><\/i>Oslo, Majorstuenkirke &#8211; Oct 3, 2025 &#8211; 19.00 hrs<\/li>\n<\/ul>\n<h3><span style=\"color: #008080;\"><b>September<\/b><\/span><\/h3>\n<p><b><span lang=\"EN-US\">Oslo kammerkor<\/span><\/b><\/p>\n<ul style=\"margin-top: 0cm;\" type=\"disc\">\n<li><i>For sent \u00e5 tenke seg om\u2026<br \/><\/i>&#8211; V\u00e5g\u00e5, V\u00e5g\u00e5kyrkja \u2013 Sept. 12, 2025\u00a0&#8211; 20.00 hrs<br \/>&#8211; \u00d8rsta, Aasentunet \u2013 Sept. 13, 2025\u00a0&#8211; 18.00 hrs<br \/>&#8211; Oslo, Riksscenen \u2013 Sept. 21, 2025\u00a0&#8211; 19.00 hrs<br \/>&#8211; Oslo, KHIO scene 6 \u2013 Sept. 24, 2025\u00a0&#8211; 20.00 hrs<\/li>\n<\/ul>\n<p><b><span lang=\"EN-US\">\u00a0<br \/><\/span><\/b><span style=\"color: #000000;\"><b>NMH Vokalensemble<\/b><\/span><\/p>\n<ul>\n<li><i><span lang=\"EN-US\">Jag h\u00e4lser dig, v\u00e4naste land upp\u00e5 jord!<br \/><\/span><\/i>Oslo, Majorstuenkirke &#8211; Sept 18, 2025 &#8211;\u00a020.00 hrs<\/li>\n<\/ul>\n<h3><span style=\"color: #008080;\"><b>June<\/b><\/span><\/h3>\n<p><b><span lang=\"EN-US\">Oslo kammerkor<\/span><\/b><\/p>\n<ul style=\"margin-top: 0cm;\" type=\"disc\">\n<li><i>For sent \u00e5 tenke seg om\u2026<br \/><\/i>Oslo \u2013 June 18, 2025<\/li>\n<\/ul>\n<p><b><span lang=\"EN-US\"><br \/>\u00d3lina \u00c1kad\u00f3ttir\u2019s exam recital<br \/><\/span><\/b><i><span lang=\"EN-US\">Norwegian Academy of Music (NMH)<br \/>Slemdalsveien 11, 0369 OSLO, Norway<\/span><\/i><\/p>\n<ul>\n<li><span style=\"text-indent: -18pt;\">June 2, 2025<\/span>\u00a0<\/li>\n<\/ul>\n<h3><span style=\"color: #008080;\"><b>May<\/b><\/span><\/h3>\n<p><b>Oslo kammerkor<\/b><\/p>\n<ul style=\"margin-top: 0cm;\" type=\"disc\">\n<li><i>For sent \u00e5 tenke seg om\u2026<br \/><\/i>&#8211; Larvik &#8211;\u00a0May 28, 2025<br \/>&#8211; Hamar &#8211; May 30, 2025<br \/>&#8211; Oslo, Domkirke &#8211;\u00a0May 31, 2025<\/li>\n<\/ul>\n<h3><b><span style=\"color: #008080;\">March<\/span><\/b><\/h3>\n<p><b>Oslo kammerkor<\/b><\/p>\n<ul style=\"margin-top: 0cm;\" type=\"disc\">\n<li><i>For sent \u00e5 tenke seg om\u2026<br \/><\/i>Oslo, Sofienberg Kirke- March\u00a016, 2025<\/li>\n<\/ul>\n<p><b><span lang=\"EN-US\"><br \/>NMH Concerts <br \/><\/span><\/b><i><span lang=\"EN-US\">Norwegian Academy of Music (NMH)<br \/>Slemdalsveien 11, 0369 OSLO, Norway<\/span><\/i><\/p>\n<ul>\n<li><span style=\"text-indent: -18pt;\">March 28, 2025 &#8211; NMH Opera project<\/span><\/li>\n<li><span style=\"text-indent: -18pt;\">March 15, 2025 &#8211;\u00a0NMH kammerkor<\/span><i style=\"text-indent: -18pt;\"> -Gesualdo &amp; Monteverdi<\/i><\/li>\n<\/ul>\n<h3><b><span lang=\"EN-US\"><span style=\"color: #008080;\">February<\/span><\/span><\/b><\/h3>\n<p><i><span lang=\"EN-US\">Norwegian Academy of Music (NMH)<br \/>Slemdalsveien 11, 0369 OSLO, Norway<\/span><\/i><b><\/b><\/p>\n<p><b><span lang=\"EN-US\">Holding Space House concert, feat. <\/span>Maja Nordin<\/b><\/p>\n<ul>\n<li style=\"text-indent: -18.0pt; mso-list: l3 level1 lfo4; tab-stops: list 36.0pt;\"><span lang=\"EN-US\" style=\"font-size: 10.0pt; mso-bidi-font-size: 11.0pt; line-height: 107%; font-family: Symbol; mso-fareast-font-family: Symbol; mso-bidi-font-family: Symbol; mso-ansi-language: EN-US;\"><span style=\"font-variant-numeric: normal; font-variant-east-asian: normal; font-variant-alternates: normal; font-size-adjust: none; font-kerning: auto; font-optical-sizing: auto; font-feature-settings: normal; font-variation-settings: normal; font-variant-position: normal; font-variant-emoji: normal; font-stretch: normal; font-size: 7pt; line-height: normal; font-family: 'Times New Roman';\">\u00a0 \u00a0 \u00a0 \u00a0 <\/span><\/span><!--[endif]--><span lang=\"EN-US\"><span lang=\"EN-US\"><span lang=\"EN-US\">Feb 8, 2025 \u2013 <i>OSLO Norwegian Academy of Music (NMH) <\/i><\/span><\/span><\/span>\n<p>\u00a0<\/p>\n<\/li>\n<\/ul>\n<p><span style=\"color: #000000;\"><b style=\"font-size: 1rem;\"><span lang=\"EN-US\">NMH ensemble ledelse<\/span><\/b><\/span><\/p>\n<ul>\n<li><span lang=\"EN-US\">Feb 28, 2025 &#8211; <i>Mozart Requiem<\/i><\/span><\/li>\n<\/ul>\t\t\t\t\t\t\t\t<\/div>\n\t\t\t\t<\/div>\n\t\t\t\t<div class=\"elementor-element elementor-element-c85ea8a elementor-widget elementor-widget-spacer\" data-id=\"c85ea8a\" data-element_type=\"widget\" data-widget_type=\"spacer.default\">\n\t\t\t\t<div class=\"elementor-widget-container\">\n\t\t\t\t\t\t\t<div class=\"elementor-spacer\">\n\t\t\t<div class=\"elementor-spacer-inner\"><\/div>\n\t\t<\/div>\n\t\t\t\t\t\t<\/div>\n\t\t\t\t<\/div>\n\t\t\t\t\t<\/div>\n\t\t\t\t<\/div>\n\t\t<div class=\"elementor-element elementor-element-ea6e7f3 e-con-full e-flex e-con e-parent\" data-id=\"ea6e7f3\" data-element_type=\"container\">\n\t\t\t\t<div class=\"elementor-element elementor-element-4d1aaea elementor-widget elementor-widget-text-editor\" data-id=\"4d1aaea\" data-element_type=\"widget\" data-widget_type=\"text-editor.default\">\n\t\t\t\t<div class=\"elementor-widget-container\">\n\t\t\t\t\t\t\t\t\t<h2><span style=\"font-family: var( --e-global-typography-text-font-family ), Sans-serif; text-align: var(--text-align); color: #808080;\"><b>2024<\/b><\/span><\/h2>\n<p><span style=\"font-family: var( --e-global-typography-text-font-family ), Sans-serif; text-align: var(--text-align);\"><b>NMH Concerts<br \/><\/b><\/span><i style=\"color: var( --e-global-color-text ); font-family: var( --e-global-typography-text-font-family ), Sans-serif; font-weight: var( --e-global-typography-text-font-weight ); text-align: var(--text-align);\"><span lang=\"EN-US\" style=\"font-family: var( --e-global-typography-text-font-family ), Sans-serif; font-weight: var( --e-global-typography-text-font-weight ); text-align: var(--text-align);\">Norwegian Academy of Music (NMH)<br \/><\/span><\/i><i style=\"color: var( --e-global-color-text ); font-family: var( --e-global-typography-text-font-family ), Sans-serif; font-weight: var( --e-global-typography-text-font-weight ); text-align: var(--text-align);\"><span style=\"font-family: var( --e-global-typography-text-font-family ), Sans-serif; font-weight: var( --e-global-typography-text-font-weight ); text-align: var(--text-align);\">Slemdalsveien 11, 0369 OSLO, Norway<br \/><\/span><\/i><\/p>\n<ul>\n<li><span lang=\"EN-US\"><span style=\"font-weight: bold;\">NMH kammerkor<\/span>:\u00a0<br \/><\/span>Oct 3, 2024 &#8211;\u00a0<i>Norsk musik<\/i><\/li>\n<li><b>NMH \u00f8vingsensemble<\/b><span style=\"font-family: var( --e-global-typography-text-font-family ), Sans-serif; text-align: var(--text-align);\"><b>:\u00a0<br \/><\/b><\/span>Oct 9, 2024 &#8211;\u00a0<i>Europeiske haustsongar<\/i><\/li>\n<li><span style=\"font-weight: bold;\"><span style=\"font-family: var( --e-global-typography-text-font-family ), Sans-serif; text-align: var(--text-align);\">KHIO performance<\/span><span style=\"font-family: var( --e-global-typography-text-font-family ), Sans-serif; text-align: var(--text-align);\">\u00a0with dancers<\/span><\/span><span style=\"font-family: var( --e-global-typography-text-font-family ), Sans-serif; font-weight: var( --e-global-typography-text-font-weight ); text-align: var(--text-align);\">:\u00a0<br \/><\/span>Nov 15, 2024<\/li>\n<li><span style=\"font-family: var( --e-global-typography-text-font-family ), Sans-serif; text-align: var(--text-align); font-weight: bold;\">NMH \u00f8vingsensemble<\/span><span style=\"font-family: var( --e-global-typography-text-font-family ), Sans-serif; font-weight: var( --e-global-typography-text-font-weight ); text-align: var(--text-align);\">:\u00a0<br \/><\/span>Nov 15, 2024 &#8211;\u00a0<i>Basso continuo<\/i><\/li>\n<li><b>NMH Christmas concert:\u00a0<br \/><\/b>Dec 12, 2024\u00a0<\/li>\n<li><b>Opera Forward Festival &#8211; Nationale Opera &amp; Ballet (Boekmanzaal) &#8211; Amsterdam<br \/><\/b>8 &amp; 9 March 2024 &#8211; short opera: Goldilocks in Amsterdam<\/li>\n<li>\n<p><b>The\u00a0Light Art Concert\u00a0\u201cGarden of Delight\u201d &#8211; Lichtbende<br \/><\/b>INTERNATIONALES SCHATTENTHEATER FESTIVAL-\u00a0 Schw\u00e4bisch Gm\u00fcnd\u00a0<\/p>\n<\/li>\n<\/ul>\t\t\t\t\t\t\t\t<\/div>\n\t\t\t\t<\/div>\n\t\t\t\t<\/div>\n\t\t<div class=\"elementor-element elementor-element-15ecc38e e-flex e-con-boxed e-con e-parent\" data-id=\"15ecc38e\" data-element_type=\"container\">\n\t\t\t\t\t<div class=\"e-con-inner\">\n\t\t\t\t<div class=\"elementor-element elementor-element-1f750421 elementor-widget elementor-widget-text-editor\" data-id=\"1f750421\" data-element_type=\"widget\" data-widget_type=\"text-editor.default\">\n\t\t\t\t<div class=\"elementor-widget-container\">\n\t\t\t\t\t\t\t\t\t<p><\/p>\n<h2><span style=\"color: #808080;\"><b>2023<\/b><\/span><\/h2>\n<p><span style=\"color: #808080;\"><b>The<span style=\"text-align: var(--text-align);\"> Light Art Concert\u00a0<\/span><span style=\"text-align: var(--text-align);\">\u201cGarden of Delight\u201d &#8211; Lichtbende<\/span><\/b><\/span><\/p>\n<ul>\n<li><span style=\"color: #808080;\"><b style=\"font-family: Aptos, sans-serif; font-size: 11pt;\">17 &amp; 18 Nov 2023<\/b><span style=\"font-family: Aptos, sans-serif;\"><span style=\"font-size: 14.6667px;\"><b><br \/><\/b><\/span><\/span>ORGELPARK<span style=\"font-family: var( --e-global-typography-text-font-family ), Sans-serif; font-weight: var( --e-global-typography-text-font-weight ); text-align: var(--text-align);\"> &#8211; Amsterdam<\/span><\/span><\/li>\n<\/ul>\n<ul>\n<li><span style=\"color: #808080;\"><span style=\"text-align: var(--text-align);\"><b>29 Dec 2023<\/b>\u00a0<br \/><\/span>INTERNATIONAAL KAMERMUZIEK FESTIVAL<span style=\"font-family: var( --e-global-typography-text-font-family ), Sans-serif; font-weight: var( --e-global-typography-text-font-weight ); text-align: var(--text-align);\"> \u2013 Utrecht<\/span><\/span><\/li>\n<\/ul>\n<p><\/p>\n<p><!-- \/wp:list --><\/p>\t\t\t\t\t\t\t\t<\/div>\n\t\t\t\t<\/div>\n\t\t\t\t\t<\/div>\n\t\t\t\t<\/div>\n\t\t<div class=\"elementor-element elementor-element-43adb6f e-flex e-con-boxed e-con e-parent\" data-id=\"43adb6f\" data-element_type=\"container\">\n\t\t\t\t\t<div class=\"e-con-inner\">\n\t\t\t\t<div class=\"elementor-element elementor-element-e8d3167 elementor-widget elementor-widget-video\" data-id=\"e8d3167\" data-element_type=\"widget\" data-settings=\"{&quot;youtube_url&quot;:&quot;https:\\\/\\\/youtu.be\\\/tTm9_9UiHUI?si=E5DCHOjC7-KGCwoj&quot;,&quot;video_type&quot;:&quot;youtube&quot;,&quot;controls&quot;:&quot;yes&quot;}\" data-widget_type=\"video.default\">\n\t\t\t\t<div class=\"elementor-widget-container\">\n\t\t\t\t\t\t\t<div class=\"elementor-wrapper elementor-open-inline\">\n\t\t\t<div class=\"elementor-video\"><\/div>\t\t<\/div>\n\t\t\t\t\t\t<\/div>\n\t\t\t\t<\/div>\n\t\t\t\t\t<\/div>\n\t\t\t\t<\/div>\n\t\t\t\t<\/div>\n\t\t","protected":false},"excerpt":{"rendered":"<p>2025 December Oslo kammerkor For sent \u00e5 tenke seg om\u2026Oslo, (TBD) \u2013 Dec. 3, 2025 JulekonsertOslo, Uranienborg kirke\u00a0\u2013 Dec. 7, [&hellip;]<\/p>\n","protected":false},"author":1,"featured_media":0,"parent":0,"menu_order":0,"comment_status":"closed","ping_status":"closed","template":"","meta":{"footnotes":""},"yoast_head":"<!-- This site is optimized with the Yoast SEO plugin v23.5 - https:\/\/yoast.com\/wordpress\/plugins\/seo\/ -->\n<title>Agenda - Tim van Breemen<\/title>\n<meta name=\"robots\" content=\"index, follow, max-snippet:-1, max-image-preview:large, max-video-preview:-1\" \/>\n<link rel=\"canonical\" href=\"https:\/\/timvanbreemen.com\/?page_id=258\" \/>\n<meta property=\"og:locale\" content=\"nl_NL\" \/>\n<meta property=\"og:type\" content=\"article\" \/>\n<meta property=\"og:title\" content=\"Agenda - Tim van Breemen\" \/>\n<meta property=\"og:description\" content=\"2025 December Oslo kammerkor For sent \u00e5 tenke seg om\u2026Oslo, (TBD) \u2013 Dec. 3, 2025 JulekonsertOslo, Uranienborg kirke\u00a0\u2013 Dec. 7, [&hellip;]\" \/>\n<meta property=\"og:url\" content=\"https:\/\/timvanbreemen.com\/?page_id=258\" \/>\n<meta property=\"og:site_name\" content=\"Tim van Breemen\" \/>\n<meta property=\"article:modified_time\" content=\"2025-10-25T12:01:06+00:00\" \/>\n<meta name=\"twitter:card\" content=\"summary_large_image\" \/>\n<meta name=\"twitter:label1\" content=\"Geschatte leestijd\" \/>\n\t<meta name=\"twitter:data1\" content=\"2 minuten\" \/>\n<script type=\"application\/ld+json\" class=\"yoast-schema-graph\">{\"@context\":\"https:\/\/schema.org\",\"@graph\":[{\"@type\":\"WebPage\",\"@id\":\"https:\/\/timvanbreemen.com\/?page_id=258\",\"url\":\"https:\/\/timvanbreemen.com\/?page_id=258\",\"name\":\"Agenda - Tim van Breemen\",\"isPartOf\":{\"@id\":\"https:\/\/timvanbreemen.com\/#website\"},\"datePublished\":\"2023-11-06T13:31:33+00:00\",\"dateModified\":\"2025-10-25T12:01:06+00:00\",\"breadcrumb\":{\"@id\":\"https:\/\/timvanbreemen.com\/?page_id=258#breadcrumb\"},\"inLanguage\":\"nl-NL\",\"potentialAction\":[{\"@type\":\"ReadAction\",\"target\":[\"https:\/\/timvanbreemen.com\/?page_id=258\"]}]},{\"@type\":\"BreadcrumbList\",\"@id\":\"https:\/\/timvanbreemen.com\/?page_id=258#breadcrumb\",\"itemListElement\":[{\"@type\":\"ListItem\",\"position\":1,\"name\":\"Home\",\"item\":\"https:\/\/timvanbreemen.com\/\"},{\"@type\":\"ListItem\",\"position\":2,\"name\":\"Agenda\"}]},{\"@type\":\"WebSite\",\"@id\":\"https:\/\/timvanbreemen.com\/#website\",\"url\":\"https:\/\/timvanbreemen.com\/\",\"name\":\"Tim van Breemen\",\"description\":\"Musician - Vocal Artist\",\"potentialAction\":[{\"@type\":\"SearchAction\",\"target\":{\"@type\":\"EntryPoint\",\"urlTemplate\":\"https:\/\/timvanbreemen.com\/?s={search_term_string}\"},\"query-input\":{\"@type\":\"PropertyValueSpecification\",\"valueRequired\":true,\"valueName\":\"search_term_string\"}}],\"inLanguage\":\"nl-NL\"}]}<\/script>\n<!-- \/ Yoast SEO plugin. -->","yoast_head_json":{"title":"Agenda - Tim van Breemen","robots":{"index":"index","follow":"follow","max-snippet":"max-snippet:-1","max-image-preview":"max-image-preview:large","max-video-preview":"max-video-preview:-1"},"canonical":"https:\/\/timvanbreemen.com\/?page_id=258","og_locale":"nl_NL","og_type":"article","og_title":"Agenda - Tim van Breemen","og_description":"2025 December Oslo kammerkor For sent \u00e5 tenke seg om\u2026Oslo, (TBD) \u2013 Dec. 3, 2025 JulekonsertOslo, Uranienborg kirke\u00a0\u2013 Dec. 7, [&hellip;]","og_url":"https:\/\/timvanbreemen.com\/?page_id=258","og_site_name":"Tim van Breemen","article_modified_time":"2025-10-25T12:01:06+00:00","twitter_card":"summary_large_image","twitter_misc":{"Geschatte leestijd":"2 minuten"},"schema":{"@context":"https:\/\/schema.org","@graph":[{"@type":"WebPage","@id":"https:\/\/timvanbreemen.com\/?page_id=258","url":"https:\/\/timvanbreemen.com\/?page_id=258","name":"Agenda - Tim van Breemen","isPartOf":{"@id":"https:\/\/timvanbreemen.com\/#website"},"datePublished":"2023-11-06T13:31:33+00:00","dateModified":"2025-10-25T12:01:06+00:00","breadcrumb":{"@id":"https:\/\/timvanbreemen.com\/?page_id=258#breadcrumb"},"inLanguage":"nl-NL","potentialAction":[{"@type":"ReadAction","target":["https:\/\/timvanbreemen.com\/?page_id=258"]}]},{"@type":"BreadcrumbList","@id":"https:\/\/timvanbreemen.com\/?page_id=258#breadcrumb","itemListElement":[{"@type":"ListItem","position":1,"name":"Home","item":"https:\/\/timvanbreemen.com\/"},{"@type":"ListItem","position":2,"name":"Agenda"}]},{"@type":"WebSite","@id":"https:\/\/timvanbreemen.com\/#website","url":"https:\/\/timvanbreemen.com\/","name":"Tim van Breemen","description":"Musician - Vocal Artist","potentialAction":[{"@type":"SearchAction","target":{"@type":"EntryPoint","urlTemplate":"https:\/\/timvanbreemen.com\/?s={search_term_string}"},"query-input":{"@type":"PropertyValueSpecification","valueRequired":true,"valueName":"search_term_string"}}],"inLanguage":"nl-NL"}]}},"_links":{"self":[{"href":"https:\/\/timvanbreemen.com\/index.php?rest_route=\/wp\/v2\/pages\/258"}],"collection":[{"href":"https:\/\/timvanbreemen.com\/index.php?rest_route=\/wp\/v2\/pages"}],"about":[{"href":"https:\/\/timvanbreemen.com\/index.php?rest_route=\/wp\/v2\/types\/page"}],"author":[{"embeddable":true,"href":"https:\/\/timvanbreemen.com\/index.php?rest_route=\/wp\/v2\/users\/1"}],"replies":[{"embeddable":true,"href":"https:\/\/timvanbreemen.com\/index.php?rest_route=%2Fwp%2Fv2%2Fcomments&post=258"}],"version-history":[{"count":239,"href":"https:\/\/timvanbreemen.com\/index.php?rest_route=\/wp\/v2\/pages\/258\/revisions"}],"predecessor-version":[{"id":992,"href":"https:\/\/timvanbreemen.com\/index.php?rest_route=\/wp\/v2\/pages\/258\/revisions\/992"}],"wp:attachment":[{"href":"https:\/\/timvanbreemen.com\/index.php?rest_route=%2Fwp%2Fv2%2Fmedia&parent=258"}],"curies":[{"name":"wp","href":"https:\/\/api.w.org\/{rel}","templated":true}]}}